{"id":11918,"date":"2025-06-15T13:33:57","date_gmt":"2025-06-15T11:33:57","guid":{"rendered":"https:\/\/www.sportstockings.com\/?product=maravilloso-magnifico-practico-san-antonio-spurs-practice-day-baseball-jersey-white-para-la-gran-final"},"modified":"2025-06-15T13:37:41","modified_gmt":"2025-06-15T11:37:41","slug":"maravilloso-magnifico-practico-san-antonio-spurs-practice-day-baseball-jersey-white-para-la-gran-final","status":"publish","type":"product","link":"https:\/\/www.sportstockings.com\/?product=maravilloso-magnifico-practico-san-antonio-spurs-practice-day-baseball-jersey-white-para-la-gran-final","title":{"rendered":"Maravilloso Magn\u00edfico Pr\u00e1ctico San Antonio Spurs Practice Day Baseball Jersey White  para la gran final"},"content":{"rendered":"<p>Bonito Estupendo Perfecto San Antonio Spurs Practice Day Baseball Jersey White<\/p>\n<p>Explora esta camiseta \u00fanica para los seguidores fieles. Bonito Estupendo Perfecto San Antonio Spurs Practice Day Baseball Jersey White. \u00a1No te la pierdas!<\/p>\n","protected":false},"excerpt":{"rendered":"<p>Bonito Estupendo Perfecto San Antonio Spurs Practice Day Baseball Jersey White Explora esta camiseta \u00fanica para los seguidores fieles. Bonito Estupendo Perfecto San Antonio Spurs Practice Day Baseball Jersey White. \u00a1No te la pierdas!<\/p>\n","protected":false},"featured_media":11925,"comment_status":"open","ping_status":"open","template":"","meta":[],"product_brand":[],"product_cat":[87,86],"product_tag":[78],"class_list":{"0":"post-11918","1":"product","2":"type-product","3":"status-publish","4":"has-post-thumbnail","6":"product_cat-jersey-san-antonio-spurs","7":"product_cat-san-antonio-spurs","8":"product_tag-jersey","9":"pa_size-2xl","10":"pa_size-3xl","11":"pa_size-l","12":"pa_size-m","13":"pa_size-s","14":"pa_size-xl","16":"first","17":"instock","18":"sale","19":"purchasable","20":"product-type-variable"},"yoast_head":"<!-- This site is optimized with the Yoast SEO Premium plugin v25.3 (Yoast SEO v27.4) - https:\/\/yoast.com\/product\/yoast-seo-premium-wordpress\/ -->\n<title>Maravilloso Magn\u00edfico Pr\u00e1ctico San Antonio Spurs Practice Day Baseball Jersey White para la gran final<\/title>\n<meta name=\"description\" content=\"Explora esta camiseta \u00fanica para los seguidores fieles. Bonito Estupendo Perfecto San Antonio Spurs Practice Day Baseball Jersey White. \u00a1No te la pierdas!\" \/>\n<meta name=\"robots\" content=\"index, follow, max-snippet:-1, max-image-preview:large, max-video-preview:-1\" \/>\n<link rel=\"canonical\" href=\"https:\/\/www.sportstockings.com\/?product=maravilloso-magnifico-practico-san-antonio-spurs-practice-day-baseball-jersey-white-para-la-gran-final\" \/>\n<meta property=\"og:locale\" content=\"es_ES\" \/>\n<meta property=\"og:type\" content=\"article\" \/>\n<meta property=\"og:title\" content=\"Maravilloso Magn\u00edfico Pr\u00e1ctico San Antonio Spurs Practice Day Baseball Jersey White para la gran final\" \/>\n<meta property=\"og:description\" content=\"Explora esta camiseta \u00fanica para los seguidores fieles. Bonito Estupendo Perfecto San Antonio Spurs Practice Day Baseball Jersey White. \u00a1No te la pierdas!\" \/>\n<meta property=\"og:url\" content=\"https:\/\/www.sportstockings.com\/?product=maravilloso-magnifico-practico-san-antonio-spurs-practice-day-baseball-jersey-white-para-la-gran-final\" \/>\n<meta property=\"og:site_name\" content=\"camiseta barata de la NBA - Tienda online\" \/>\n<meta property=\"article:modified_time\" content=\"2025-06-15T11:37:41+00:00\" \/>\n<meta property=\"og:image\" content=\"https:\/\/www.sportstockings.com\/wp-content\/uploads\/2025\/06\/Bonito-Estupendo-Perfecto-San-Antonio-Spurs-Practice-Day-Baseball-Jersey-White.jpeg\" \/>\n\t<meta property=\"og:image:width\" content=\"600\" \/>\n\t<meta property=\"og:image:height\" content=\"600\" \/>\n\t<meta property=\"og:image:type\" content=\"image\/webp\" \/>\n<meta name=\"twitter:card\" content=\"summary_large_image\" \/>\n<meta name=\"twitter:title\" content=\"Bonito Estupendo Perfecto San Antonio Spurs Practice Day Baseball Jersey White\" \/>\n<meta name=\"twitter:description\" content=\"Explora esta camiseta \u00fanica para los seguidores fieles. Bonito Estupendo Perfecto San Antonio Spurs Practice Day Baseball Jersey White. \u00a1No te la pierdas!\" \/>\n<script type=\"application\/ld+json\" class=\"yoast-schema-graph\">{\"@context\":\"https:\\\/\\\/schema.org\",\"@graph\":[{\"@type\":\"WebPage\",\"@id\":\"https:\\\/\\\/www.sportstockings.com\\\/?product=maravilloso-magnifico-practico-san-antonio-spurs-practice-day-baseball-jersey-white-para-la-gran-final\",\"url\":\"https:\\\/\\\/www.sportstockings.com\\\/?product=maravilloso-magnifico-practico-san-antonio-spurs-practice-day-baseball-jersey-white-para-la-gran-final\",\"name\":\"Maravilloso Magn\u00edfico Pr\u00e1ctico San Antonio Spurs Practice Day Baseball Jersey White para la gran final\",\"isPartOf\":{\"@id\":\"https:\\\/\\\/www.sportstockings.com\\\/#website\"},\"primaryImageOfPage\":{\"@id\":\"https:\\\/\\\/www.sportstockings.com\\\/?product=maravilloso-magnifico-practico-san-antonio-spurs-practice-day-baseball-jersey-white-para-la-gran-final#primaryimage\"},\"image\":{\"@id\":\"https:\\\/\\\/www.sportstockings.com\\\/?product=maravilloso-magnifico-practico-san-antonio-spurs-practice-day-baseball-jersey-white-para-la-gran-final#primaryimage\"},\"thumbnailUrl\":\"https:\\\/\\\/www.sportstockings.com\\\/wp-content\\\/uploads\\\/2025\\\/06\\\/Bonito-Estupendo-Perfecto-San-Antonio-Spurs-Practice-Day-Baseball-Jersey-White.jpeg\",\"datePublished\":\"2025-06-15T11:33:57+00:00\",\"dateModified\":\"2025-06-15T11:37:41+00:00\",\"description\":\"Explora esta camiseta \u00fanica para los seguidores fieles. Bonito Estupendo Perfecto San Antonio Spurs Practice Day Baseball Jersey White. \u00a1No te la pierdas!\",\"breadcrumb\":{\"@id\":\"https:\\\/\\\/www.sportstockings.com\\\/?product=maravilloso-magnifico-practico-san-antonio-spurs-practice-day-baseball-jersey-white-para-la-gran-final#breadcrumb\"},\"inLanguage\":\"es\",\"potentialAction\":[{\"@type\":\"ReadAction\",\"target\":[\"https:\\\/\\\/www.sportstockings.com\\\/?product=maravilloso-magnifico-practico-san-antonio-spurs-practice-day-baseball-jersey-white-para-la-gran-final\"]}]},{\"@type\":\"ImageObject\",\"inLanguage\":\"es\",\"@id\":\"https:\\\/\\\/www.sportstockings.com\\\/?product=maravilloso-magnifico-practico-san-antonio-spurs-practice-day-baseball-jersey-white-para-la-gran-final#primaryimage\",\"url\":\"https:\\\/\\\/www.sportstockings.com\\\/wp-content\\\/uploads\\\/2025\\\/06\\\/Bonito-Estupendo-Perfecto-San-Antonio-Spurs-Practice-Day-Baseball-Jersey-White.jpeg\",\"contentUrl\":\"https:\\\/\\\/www.sportstockings.com\\\/wp-content\\\/uploads\\\/2025\\\/06\\\/Bonito-Estupendo-Perfecto-San-Antonio-Spurs-Practice-Day-Baseball-Jersey-White.jpeg\",\"width\":600,\"height\":600,\"caption\":\"Maravilloso Magn\u00edfico Pr\u00e1ctico San Antonio Spurs Practice Day Baseball Jersey White para la gran final\"},{\"@type\":\"BreadcrumbList\",\"@id\":\"https:\\\/\\\/www.sportstockings.com\\\/?product=maravilloso-magnifico-practico-san-antonio-spurs-practice-day-baseball-jersey-white-para-la-gran-final#breadcrumb\",\"itemListElement\":[{\"@type\":\"ListItem\",\"position\":1,\"name\":\"home\",\"item\":\"https:\\\/\\\/www.sportstockings.com\\\/\"},{\"@type\":\"ListItem\",\"position\":2,\"name\":\"Shop\",\"item\":\"https:\\\/\\\/www.sportstockings.com\\\/?page_id=10\"},{\"@type\":\"ListItem\",\"position\":3,\"name\":\"Maravilloso Magn\u00edfico Pr\u00e1ctico San Antonio Spurs Practice Day Baseball Jersey White para la gran final\"}]},{\"@type\":\"WebSite\",\"@id\":\"https:\\\/\\\/www.sportstockings.com\\\/#website\",\"url\":\"https:\\\/\\\/www.sportstockings.com\\\/\",\"name\":\"Cheap jersey - Online Shop\",\"description\":\"camiseta barata de la NBA\",\"potentialAction\":[{\"@type\":\"SearchAction\",\"target\":{\"@type\":\"EntryPoint\",\"urlTemplate\":\"https:\\\/\\\/www.sportstockings.com\\\/?s={search_term_string}\"},\"query-input\":{\"@type\":\"PropertyValueSpecification\",\"valueRequired\":true,\"valueName\":\"search_term_string\"}}],\"inLanguage\":\"es\"}]}<\/script>\n<!-- \/ Yoast SEO Premium plugin. -->","yoast_head_json":{"title":"Maravilloso Magn\u00edfico Pr\u00e1ctico San Antonio Spurs Practice Day Baseball Jersey White para la gran final","description":"Explora esta camiseta \u00fanica para los seguidores fieles. Bonito Estupendo Perfecto San Antonio Spurs Practice Day Baseball Jersey White. \u00a1No te la pierdas!","robots":{"index":"index","follow":"follow","max-snippet":"max-snippet:-1","max-image-preview":"max-image-preview:large","max-video-preview":"max-video-preview:-1"},"canonical":"https:\/\/www.sportstockings.com\/?product=maravilloso-magnifico-practico-san-antonio-spurs-practice-day-baseball-jersey-white-para-la-gran-final","og_locale":"es_ES","og_type":"article","og_title":"Maravilloso Magn\u00edfico Pr\u00e1ctico San Antonio Spurs Practice Day Baseball Jersey White para la gran final","og_description":"Explora esta camiseta \u00fanica para los seguidores fieles. Bonito Estupendo Perfecto San Antonio Spurs Practice Day Baseball Jersey White. \u00a1No te la pierdas!","og_url":"https:\/\/www.sportstockings.com\/?product=maravilloso-magnifico-practico-san-antonio-spurs-practice-day-baseball-jersey-white-para-la-gran-final","og_site_name":"camiseta barata de la NBA - Tienda online","article_modified_time":"2025-06-15T11:37:41+00:00","og_image":[{"width":600,"height":600,"url":"https:\/\/www.sportstockings.com\/wp-content\/uploads\/2025\/06\/Bonito-Estupendo-Perfecto-San-Antonio-Spurs-Practice-Day-Baseball-Jersey-White.jpeg","type":"image\/webp"}],"twitter_card":"summary_large_image","twitter_title":"Bonito Estupendo Perfecto San Antonio Spurs Practice Day Baseball Jersey White","twitter_description":"Explora esta camiseta \u00fanica para los seguidores fieles. Bonito Estupendo Perfecto San Antonio Spurs Practice Day Baseball Jersey White. \u00a1No te la pierdas!","schema":{"@context":"https:\/\/schema.org","@graph":[{"@type":"WebPage","@id":"https:\/\/www.sportstockings.com\/?product=maravilloso-magnifico-practico-san-antonio-spurs-practice-day-baseball-jersey-white-para-la-gran-final","url":"https:\/\/www.sportstockings.com\/?product=maravilloso-magnifico-practico-san-antonio-spurs-practice-day-baseball-jersey-white-para-la-gran-final","name":"Maravilloso Magn\u00edfico Pr\u00e1ctico San Antonio Spurs Practice Day Baseball Jersey White para la gran final","isPartOf":{"@id":"https:\/\/www.sportstockings.com\/#website"},"primaryImageOfPage":{"@id":"https:\/\/www.sportstockings.com\/?product=maravilloso-magnifico-practico-san-antonio-spurs-practice-day-baseball-jersey-white-para-la-gran-final#primaryimage"},"image":{"@id":"https:\/\/www.sportstockings.com\/?product=maravilloso-magnifico-practico-san-antonio-spurs-practice-day-baseball-jersey-white-para-la-gran-final#primaryimage"},"thumbnailUrl":"https:\/\/www.sportstockings.com\/wp-content\/uploads\/2025\/06\/Bonito-Estupendo-Perfecto-San-Antonio-Spurs-Practice-Day-Baseball-Jersey-White.jpeg","datePublished":"2025-06-15T11:33:57+00:00","dateModified":"2025-06-15T11:37:41+00:00","description":"Explora esta camiseta \u00fanica para los seguidores fieles. Bonito Estupendo Perfecto San Antonio Spurs Practice Day Baseball Jersey White. \u00a1No te la pierdas!","breadcrumb":{"@id":"https:\/\/www.sportstockings.com\/?product=maravilloso-magnifico-practico-san-antonio-spurs-practice-day-baseball-jersey-white-para-la-gran-final#breadcrumb"},"inLanguage":"es","potentialAction":[{"@type":"ReadAction","target":["https:\/\/www.sportstockings.com\/?product=maravilloso-magnifico-practico-san-antonio-spurs-practice-day-baseball-jersey-white-para-la-gran-final"]}]},{"@type":"ImageObject","inLanguage":"es","@id":"https:\/\/www.sportstockings.com\/?product=maravilloso-magnifico-practico-san-antonio-spurs-practice-day-baseball-jersey-white-para-la-gran-final#primaryimage","url":"https:\/\/www.sportstockings.com\/wp-content\/uploads\/2025\/06\/Bonito-Estupendo-Perfecto-San-Antonio-Spurs-Practice-Day-Baseball-Jersey-White.jpeg","contentUrl":"https:\/\/www.sportstockings.com\/wp-content\/uploads\/2025\/06\/Bonito-Estupendo-Perfecto-San-Antonio-Spurs-Practice-Day-Baseball-Jersey-White.jpeg","width":600,"height":600,"caption":"Maravilloso Magn\u00edfico Pr\u00e1ctico San Antonio Spurs Practice Day Baseball Jersey White para la gran final"},{"@type":"BreadcrumbList","@id":"https:\/\/www.sportstockings.com\/?product=maravilloso-magnifico-practico-san-antonio-spurs-practice-day-baseball-jersey-white-para-la-gran-final#breadcrumb","itemListElement":[{"@type":"ListItem","position":1,"name":"home","item":"https:\/\/www.sportstockings.com\/"},{"@type":"ListItem","position":2,"name":"Shop","item":"https:\/\/www.sportstockings.com\/?page_id=10"},{"@type":"ListItem","position":3,"name":"Maravilloso Magn\u00edfico Pr\u00e1ctico San Antonio Spurs Practice Day Baseball Jersey White para la gran final"}]},{"@type":"WebSite","@id":"https:\/\/www.sportstockings.com\/#website","url":"https:\/\/www.sportstockings.com\/","name":"Cheap jersey - Online Shop","description":"camiseta barata de la NBA","potentialAction":[{"@type":"SearchAction","target":{"@type":"EntryPoint","urlTemplate":"https:\/\/www.sportstockings.com\/?s={search_term_string}"},"query-input":{"@type":"PropertyValueSpecification","valueRequired":true,"valueName":"search_term_string"}}],"inLanguage":"es"}]}},"_links":{"self":[{"href":"https:\/\/www.sportstockings.com\/index.php?rest_route=\/wp\/v2\/product\/11918","targetHints":{"allow":["GET"]}}],"collection":[{"href":"https:\/\/www.sportstockings.com\/index.php?rest_route=\/wp\/v2\/product"}],"about":[{"href":"https:\/\/www.sportstockings.com\/index.php?rest_route=\/wp\/v2\/types\/product"}],"replies":[{"embeddable":true,"href":"https:\/\/www.sportstockings.com\/index.php?rest_route=%2Fwp%2Fv2%2Fcomments&post=11918"}],"wp:featuredmedia":[{"embeddable":true,"href":"https:\/\/www.sportstockings.com\/index.php?rest_route=\/wp\/v2\/media\/11925"}],"wp:attachment":[{"href":"https:\/\/www.sportstockings.com\/index.php?rest_route=%2Fwp%2Fv2%2Fmedia&parent=11918"}],"wp:term":[{"taxonomy":"product_brand","embeddable":true,"href":"https:\/\/www.sportstockings.com\/index.php?rest_route=%2Fwp%2Fv2%2Fproduct_brand&post=11918"},{"taxonomy":"product_cat","embeddable":true,"href":"https:\/\/www.sportstockings.com\/index.php?rest_route=%2Fwp%2Fv2%2Fproduct_cat&post=11918"},{"taxonomy":"product_tag","embeddable":true,"href":"https:\/\/www.sportstockings.com\/index.php?rest_route=%2Fwp%2Fv2%2Fproduct_tag&post=11918"}],"curies":[{"name":"wp","href":"https:\/\/api.w.org\/{rel}","templated":true}]}}